{"id":2596,"date":"2025-02-24T11:08:48","date_gmt":"2025-02-24T17:08:48","guid":{"rendered":"https:\/\/divimark.com\/cristina-campabadal\/"},"modified":"2025-07-11T11:09:15","modified_gmt":"2025-07-11T17:09:15","slug":"cristina-campabadal","status":"publish","type":"page","link":"https:\/\/divimark.com\/es\/nuestra-gente\/cristina-campabadal\/","title":{"rendered":"Cristina Campabadal"},"content":{"rendered":"\t\t<div data-elementor-type=\"wp-page\" data-elementor-id=\"2596\" class=\"elementor elementor-2596 elementor-2237\">\n\t\t\t\t<div class=\"elementor-element elementor-element-90bd5e0 e-flex e-con-boxed e-con e-parent\" data-id=\"90bd5e0\" data-element_type=\"container\" data-e-type=\"container\">\n\t\t\t\t\t<div class=\"e-con-inner\">\n\t\t\t\t\t<\/div>\n\t\t\t\t<\/div>\n\t\t<div class=\"elementor-element elementor-element-37f5e0c e-flex e-con-boxed e-con e-parent\" data-id=\"37f5e0c\" data-element_type=\"container\" data-e-type=\"container\">\n\t\t\t\t\t<div class=\"e-con-inner\">\n\t\t<div class=\"elementor-element elementor-element-e118ace e-con-full e-flex e-con e-child\" data-id=\"e118ace\" data-element_type=\"container\" data-e-type=\"container\">\n\t\t\t\t<div class=\"elementor-element elementor-element-4421753 exad-sticky-section-no exad-glass-effect-no elementor-widget elementor-widget-image\" data-id=\"4421753\" data-element_type=\"widget\" data-e-type=\"widget\" data-widget_type=\"image.default\">\n\t\t\t\t<div class=\"elementor-widget-container\">\n\t\t\t\t\t\t\t\t\t\t\t\t\t\t\t<img fetchpriority=\"high\" decoding=\"async\" width=\"940\" height=\"626\" src=\"https:\/\/divimark.com\/wp-content\/uploads\/2025\/01\/DTV7016NUEVAFILEBNFINAL-1024x682.jpg\" class=\"attachment-large size-large wp-image-2519\" alt=\"\" srcset=\"https:\/\/divimark.com\/wp-content\/uploads\/2025\/01\/DTV7016NUEVAFILEBNFINAL-1024x682.jpg 1024w, https:\/\/divimark.com\/wp-content\/uploads\/2025\/01\/DTV7016NUEVAFILEBNFINAL-300x200.jpg 300w, https:\/\/divimark.com\/wp-content\/uploads\/2025\/01\/DTV7016NUEVAFILEBNFINAL-768x512.jpg 768w, https:\/\/divimark.com\/wp-content\/uploads\/2025\/01\/DTV7016NUEVAFILEBNFINAL-1536x1024.jpg 1536w, https:\/\/divimark.com\/wp-content\/uploads\/2025\/01\/DTV7016NUEVAFILEBNFINAL-480x320.jpg 480w\" sizes=\"(max-width: 940px) 100vw, 940px\" title=\"_DTV7016NUEVAFILEBNFINAL\" \/>\t\t\t\t\t\t\t\t\t\t\t\t\t\t\t<\/div>\n\t\t\t\t<\/div>\n\t\t\t\t<div class=\"elementor-element elementor-element-cdb8ae7 exad-sticky-section-no exad-glass-effect-no elementor-widget elementor-widget-text-editor\" data-id=\"cdb8ae7\" data-element_type=\"widget\" data-e-type=\"widget\" data-widget_type=\"text-editor.default\">\n\t\t\t\t<div class=\"elementor-widget-container\">\n\t\t\t\t\t\t\t\t\t<p style=\"text-align: center;\"><strong>Cristina Campabadal\n<\/strong><\/p>\n<p style=\"text-align: center;\">Asociado<\/p>\t\t\t\t\t\t\t\t<\/div>\n\t\t\t\t<\/div>\n\t\t\t\t<div class=\"elementor-element elementor-element-64885b8 elementor-align-center elementor-icon-list--layout-traditional elementor-list-item-link-full_width exad-sticky-section-no exad-glass-effect-no elementor-widget elementor-widget-icon-list\" data-id=\"64885b8\" data-element_type=\"widget\" data-e-type=\"widget\" data-widget_type=\"icon-list.default\">\n\t\t\t\t<div class=\"elementor-widget-container\">\n\t\t\t\t\t\t\t<ul class=\"elementor-icon-list-items\">\n\t\t\t\t\t\t\t<li class=\"elementor-icon-list-item\">\n\t\t\t\t\t\t\t\t\t\t\t<a href=\"mailto:ccampabadal@divimark.com\">\n\n\t\t\t\t\t\t\t\t\t\t\t\t<span class=\"elementor-icon-list-icon\">\n\t\t\t\t\t\t\t<i aria-hidden=\"true\" class=\"fas fa-envelope\"><\/i>\t\t\t\t\t\t<\/span>\n\t\t\t\t\t\t\t\t\t\t<span class=\"elementor-icon-list-text\">ccampabadal@divimark.com<\/span>\n\t\t\t\t\t\t\t\t\t\t\t<\/a>\n\t\t\t\t\t\t\t\t\t<\/li>\n\t\t\t\t\t\t\t\t<li class=\"elementor-icon-list-item\">\n\t\t\t\t\t\t\t\t\t\t\t<a href=\"tel:+50622228622\">\n\n\t\t\t\t\t\t\t\t\t\t\t\t<span class=\"elementor-icon-list-icon\">\n\t\t\t\t\t\t\t<i aria-hidden=\"true\" class=\"fas fa-phone-alt\"><\/i>\t\t\t\t\t\t<\/span>\n\t\t\t\t\t\t\t\t\t\t<span class=\"elementor-icon-list-text\">2222-8622<\/span>\n\t\t\t\t\t\t\t\t\t\t\t<\/a>\n\t\t\t\t\t\t\t\t\t<\/li>\n\t\t\t\t\t\t<\/ul>\n\t\t\t\t\t\t<\/div>\n\t\t\t\t<\/div>\n\t\t\t\t<\/div>\n\t\t<div class=\"elementor-element elementor-element-07fbbd7 e-con-full e-flex e-con e-child\" data-id=\"07fbbd7\" data-element_type=\"container\" data-e-type=\"container\">\n\t\t\t\t<div class=\"elementor-element elementor-element-2d1159a elementor-tabs-view-horizontal exad-sticky-section-no exad-glass-effect-no elementor-widget elementor-widget-tabs\" data-id=\"2d1159a\" data-element_type=\"widget\" data-e-type=\"widget\" data-widget_type=\"tabs.default\">\n\t\t\t\t<div class=\"elementor-widget-container\">\n\t\t\t\t\t\t\t<div class=\"elementor-tabs\">\n\t\t\t<div class=\"elementor-tabs-wrapper\" role=\"tablist\" >\n\t\t\t\t\t\t\t\t\t<div id=\"elementor-tab-title-4721\" class=\"elementor-tab-title elementor-tab-desktop-title\" aria-selected=\"true\" data-tab=\"1\" role=\"tab\" tabindex=\"0\" aria-controls=\"elementor-tab-content-4721\" aria-expanded=\"false\">\u00c1reas de pr\u00e1ctica<\/div>\n\t\t\t\t\t\t\t\t\t<div id=\"elementor-tab-title-4722\" class=\"elementor-tab-title elementor-tab-desktop-title\" aria-selected=\"false\" data-tab=\"2\" role=\"tab\" tabindex=\"-1\" aria-controls=\"elementor-tab-content-4722\" aria-expanded=\"false\">Educaci\u00f3n<\/div>\n\t\t\t\t\t\t\t\t\t<div id=\"elementor-tab-title-4723\" class=\"elementor-tab-title elementor-tab-desktop-title\" aria-selected=\"false\" data-tab=\"3\" role=\"tab\" tabindex=\"-1\" aria-controls=\"elementor-tab-content-4723\" aria-expanded=\"false\">Experiencia<\/div>\n\t\t\t\t\t\t\t\t\t<div id=\"elementor-tab-title-4724\" class=\"elementor-tab-title elementor-tab-desktop-title\" aria-selected=\"false\" data-tab=\"4\" role=\"tab\" tabindex=\"-1\" aria-controls=\"elementor-tab-content-4724\" aria-expanded=\"false\">Afiliaciones<\/div>\n\t\t\t\t\t\t\t<\/div>\n\t\t\t<div class=\"elementor-tabs-content-wrapper\" role=\"tablist\" aria-orientation=\"vertical\">\n\t\t\t\t\t\t\t\t\t<div class=\"elementor-tab-title elementor-tab-mobile-title\" aria-selected=\"true\" data-tab=\"1\" role=\"tab\" tabindex=\"0\" aria-controls=\"elementor-tab-content-4721\" aria-expanded=\"false\">\u00c1reas de pr\u00e1ctica<\/div>\n\t\t\t\t\t<div id=\"elementor-tab-content-4721\" class=\"elementor-tab-content elementor-clearfix\" data-tab=\"1\" role=\"tabpanel\" aria-labelledby=\"elementor-tab-title-4721\" tabindex=\"0\" hidden=\"false\"><div class=\"dgrid_5\"><p>Comenz\u00f3 su carrera profesional en la Direcci\u00f3n General de Protocolo y Ceremonias del Ministerio de Relaciones Exteriores y Culto, desempe\u00f1\u00e1ndose como Jefa del Departamento de Privilegios e Inmunidades. En este cargo, asisti\u00f3 al Director General en diversos asuntos relacionados con el Derecho Diplom\u00e1tico Internacional.<\/p><p>Actualmente, su enfoque profesional se centra en brindar asesor\u00eda integral en Propiedad Intelectual, abarcando \u00e1reas como marcas, patentes, derechos de autor, derechos conexos, nombres de dominio, observancia de derechos de propiedad intelectual y productos falsificados. Tambi\u00e9n coordina las investigaciones en estas dos \u00faltimas \u00e1reas.<\/p><p>Adicionalmente, ofrece asesor\u00eda legal en Derecho Corporativo y Comercial a empresas tanto locales como extranjeras.<\/p><\/div><\/div>\n\t\t\t\t\t\t\t\t\t<div class=\"elementor-tab-title elementor-tab-mobile-title\" aria-selected=\"false\" data-tab=\"2\" role=\"tab\" tabindex=\"-1\" aria-controls=\"elementor-tab-content-4722\" aria-expanded=\"false\">Educaci\u00f3n<\/div>\n\t\t\t\t\t<div id=\"elementor-tab-content-4722\" class=\"elementor-tab-content elementor-clearfix\" data-tab=\"2\" role=\"tabpanel\" aria-labelledby=\"elementor-tab-title-4722\" tabindex=\"0\" hidden=\"hidden\"><div class=\"dgrid_5\">\n<ul class=\"list-2\">\n<li class=\"last-item\">Estudi\u00f3 en la Universidad de Costa Rica, donde se gradu\u00f3 con matr\u00edcula de honor en 1993.<\/li>\n<\/ul>\n<\/div>\n<div class=\"dgrid_5\">\n<ul class=\"list-2\">\n<li class=\"last-item\">Formaci\u00f3n y Certificaci\u00f3n de Mediadores y Conciliadores en 2001.<\/li>\n<\/ul>\n<\/div>\n<\/div>\n\t\t\t\t\t\t\t\t\t<div class=\"elementor-tab-title elementor-tab-mobile-title\" aria-selected=\"false\" data-tab=\"3\" role=\"tab\" tabindex=\"-1\" aria-controls=\"elementor-tab-content-4723\" aria-expanded=\"false\">Experiencia<\/div>\n\t\t\t\t\t<div id=\"elementor-tab-content-4723\" class=\"elementor-tab-content elementor-clearfix\" data-tab=\"3\" role=\"tabpanel\" aria-labelledby=\"elementor-tab-title-4723\" tabindex=\"0\" hidden=\"hidden\"><div class=\"dgrid_5\">\n<ul class=\"list-2\">\n<li>Miembro desde su fundaci\u00f3n de la asociaci\u00f3n local de profesionales en Propiedad Intelectual, \u00abAsociaci\u00f3n de Profesionales en Propiedad Intelectual de Costa Rica APPICR\u00bb. Actualmente es miembro del Consejo de Administraci\u00f3n.<\/li>\n<li class=\"last-item\">Ha participado y asistido en la redacci\u00f3n de varios proyectos de ley importantes en materia de Propiedad Intelectual con las autoridades gubernamentales y el Congreso de Costa Rica.<\/li>\n<\/ul>\n<\/div>\n<\/div>\n<\/div>\n\t\t\t\t\t\t\t\t\t<div class=\"elementor-tab-title elementor-tab-mobile-title\" aria-selected=\"false\" data-tab=\"4\" role=\"tab\" tabindex=\"-1\" aria-controls=\"elementor-tab-content-4724\" aria-expanded=\"false\">Afiliaciones<\/div>\n\t\t\t\t\t<div id=\"elementor-tab-content-4724\" class=\"elementor-tab-content elementor-clearfix\" data-tab=\"4\" role=\"tabpanel\" aria-labelledby=\"elementor-tab-title-4724\" tabindex=\"0\" hidden=\"hidden\"><div class=\"dgrid_5\">\n<ul class=\"list-2\">\n<li>Colegio de Abogados de Costa Rica.<\/li>\n<li>Notario.<\/li>\n<li>Mediador y Conciliador.<\/li>\n<li>Traductora oficial ingl\u00e9s-espa\u00f1ol, espa\u00f1ol-ingl\u00e9s.<\/li>\n<li>Agregado Honorario de la Direcci\u00f3n General de Protocolo y Ceremonial del Ministerio de Asuntos Exteriores.<\/li>\n<li>Asociaci\u00f3n de Profesionales en Propiedad Intelectual de Costa Rica APPICR.<\/li>\n<\/ul>\n<\/div>\n<\/div>\n\t\t\t\t\t\t\t<\/div>\n\t\t<\/div>\n\t\t\t\t\t\t<\/div>\n\t\t\t\t<\/div>\n\t\t\t\t<\/div>\n\t\t\t\t\t<\/div>\n\t\t\t\t<\/div>\n\t\t<div class=\"elementor-element elementor-element-d36dcaa e-flex e-con-boxed e-con e-parent\" data-id=\"d36dcaa\" data-element_type=\"container\" data-e-type=\"container\">\n\t\t\t\t\t<div class=\"e-con-inner\">\n\t\t\t\t\t<\/div>\n\t\t\t\t<\/div>\n\t\t\t\t<\/div>\n\t\t","protected":false},"excerpt":{"rendered":"<p>Cristina Campabadal Asociado ccampabadal@divimark.com 2222-8622 \u00c1reas de pr\u00e1ctica Educaci\u00f3n Experiencia Afiliaciones \u00c1reas de pr\u00e1ctica Comenz\u00f3 su carrera profesional en la Direcci\u00f3n General de Protocolo y Ceremonias del Ministerio de Relaciones Exteriores y Culto, desempe\u00f1\u00e1ndose como Jefa del Departamento de Privilegios e Inmunidades. En este cargo, asisti\u00f3 al Director General en diversos asuntos relacionados con el [&hellip;]<\/p>\n","protected":false},"author":1,"featured_media":2533,"parent":2598,"menu_order":0,"comment_status":"closed","ping_status":"closed","template":"","meta":{"_joinchat":[],"footnotes":""},"class_list":["post-2596","page","type-page","status-publish","has-post-thumbnail","hentry"],"yoast_head":"<!-- This site is optimized with the Yoast SEO plugin v27.4 - https:\/\/yoast.com\/product\/yoast-seo-wordpress\/ -->\n<title>Cristina Campabadal - Divimark Abogados<\/title>\n<meta name=\"robots\" content=\"index, follow, max-snippet:-1, max-image-preview:large, max-video-preview:-1\" \/>\n<link rel=\"canonical\" href=\"https:\/\/divimark.com\/es\/nuestra-gente\/cristina-campabadal\/\" \/>\n<meta property=\"og:locale\" content=\"es_ES\" \/>\n<meta property=\"og:type\" content=\"article\" \/>\n<meta property=\"og:title\" content=\"Cristina Campabadal - Divimark Abogados\" \/>\n<meta property=\"og:description\" content=\"Cristina Campabadal Asociado ccampabadal@divimark.com 2222-8622 \u00c1reas de pr\u00e1ctica Educaci\u00f3n Experiencia Afiliaciones \u00c1reas de pr\u00e1ctica Comenz\u00f3 su carrera profesional en la Direcci\u00f3n General de Protocolo y Ceremonias del Ministerio de Relaciones Exteriores y Culto, desempe\u00f1\u00e1ndose como Jefa del Departamento de Privilegios e Inmunidades. En este cargo, asisti\u00f3 al Director General en diversos asuntos relacionados con el [&hellip;]\" \/>\n<meta property=\"og:url\" content=\"https:\/\/divimark.com\/es\/nuestra-gente\/cristina-campabadal\/\" \/>\n<meta property=\"og:site_name\" content=\"Divimark Abogados\" \/>\n<meta property=\"article:modified_time\" content=\"2025-07-11T17:09:15+00:00\" \/>\n<meta property=\"og:image\" content=\"https:\/\/divimark.com\/wp-content\/uploads\/2025\/01\/divimark-our-lawyers.jpg\" \/>\n\t<meta property=\"og:image:width\" content=\"2000\" \/>\n\t<meta property=\"og:image:height\" content=\"300\" \/>\n\t<meta property=\"og:image:type\" content=\"image\/jpeg\" \/>\n<meta name=\"twitter:card\" content=\"summary_large_image\" \/>\n<meta name=\"twitter:label1\" content=\"Tiempo de lectura\" \/>\n\t<meta name=\"twitter:data1\" content=\"2 minutos\" \/>\n<script type=\"application\/ld+json\" class=\"yoast-schema-graph\">{\"@context\":\"https:\\\/\\\/schema.org\",\"@graph\":[{\"@type\":\"WebPage\",\"@id\":\"https:\\\/\\\/divimark.com\\\/es\\\/nuestra-gente\\\/cristina-campabadal\\\/\",\"url\":\"https:\\\/\\\/divimark.com\\\/es\\\/nuestra-gente\\\/cristina-campabadal\\\/\",\"name\":\"Cristina Campabadal - Divimark Abogados\",\"isPartOf\":{\"@id\":\"https:\\\/\\\/divimark.com\\\/#website\"},\"primaryImageOfPage\":{\"@id\":\"https:\\\/\\\/divimark.com\\\/es\\\/nuestra-gente\\\/cristina-campabadal\\\/#primaryimage\"},\"image\":{\"@id\":\"https:\\\/\\\/divimark.com\\\/es\\\/nuestra-gente\\\/cristina-campabadal\\\/#primaryimage\"},\"thumbnailUrl\":\"https:\\\/\\\/divimark.com\\\/wp-content\\\/uploads\\\/2025\\\/01\\\/divimark-our-lawyers.jpg\",\"datePublished\":\"2025-02-24T17:08:48+00:00\",\"dateModified\":\"2025-07-11T17:09:15+00:00\",\"breadcrumb\":{\"@id\":\"https:\\\/\\\/divimark.com\\\/es\\\/nuestra-gente\\\/cristina-campabadal\\\/#breadcrumb\"},\"inLanguage\":\"es\",\"potentialAction\":[{\"@type\":\"ReadAction\",\"target\":[\"https:\\\/\\\/divimark.com\\\/es\\\/nuestra-gente\\\/cristina-campabadal\\\/\"]}]},{\"@type\":\"ImageObject\",\"inLanguage\":\"es\",\"@id\":\"https:\\\/\\\/divimark.com\\\/es\\\/nuestra-gente\\\/cristina-campabadal\\\/#primaryimage\",\"url\":\"https:\\\/\\\/divimark.com\\\/wp-content\\\/uploads\\\/2025\\\/01\\\/divimark-our-lawyers.jpg\",\"contentUrl\":\"https:\\\/\\\/divimark.com\\\/wp-content\\\/uploads\\\/2025\\\/01\\\/divimark-our-lawyers.jpg\",\"width\":2000,\"height\":300},{\"@type\":\"BreadcrumbList\",\"@id\":\"https:\\\/\\\/divimark.com\\\/es\\\/nuestra-gente\\\/cristina-campabadal\\\/#breadcrumb\",\"itemListElement\":[{\"@type\":\"ListItem\",\"position\":1,\"name\":\"Home\",\"item\":\"https:\\\/\\\/divimark.com\\\/\"},{\"@type\":\"ListItem\",\"position\":2,\"name\":\"Nuestro Equipo\",\"item\":\"https:\\\/\\\/divimark.com\\\/our-people\\\/\"},{\"@type\":\"ListItem\",\"position\":3,\"name\":\"Cristina Campabadal\"}]},{\"@type\":\"WebSite\",\"@id\":\"https:\\\/\\\/divimark.com\\\/#website\",\"url\":\"https:\\\/\\\/divimark.com\\\/\",\"name\":\"Divimark Abogados\",\"description\":\"\",\"publisher\":{\"@id\":\"https:\\\/\\\/divimark.com\\\/#organization\"},\"potentialAction\":[{\"@type\":\"SearchAction\",\"target\":{\"@type\":\"EntryPoint\",\"urlTemplate\":\"https:\\\/\\\/divimark.com\\\/?s={search_term_string}\"},\"query-input\":{\"@type\":\"PropertyValueSpecification\",\"valueRequired\":true,\"valueName\":\"search_term_string\"}}],\"inLanguage\":\"es\"},{\"@type\":\"Organization\",\"@id\":\"https:\\\/\\\/divimark.com\\\/#organization\",\"name\":\"Divimark Abogados\",\"url\":\"https:\\\/\\\/divimark.com\\\/\",\"logo\":{\"@type\":\"ImageObject\",\"inLanguage\":\"es\",\"@id\":\"https:\\\/\\\/divimark.com\\\/#\\\/schema\\\/logo\\\/image\\\/\",\"url\":\"https:\\\/\\\/divimark.com\\\/wp-content\\\/uploads\\\/2025\\\/03\\\/DIVIMARK-LOGO.png\",\"contentUrl\":\"https:\\\/\\\/divimark.com\\\/wp-content\\\/uploads\\\/2025\\\/03\\\/DIVIMARK-LOGO.png\",\"width\":1796,\"height\":507,\"caption\":\"Divimark Abogados\"},\"image\":{\"@id\":\"https:\\\/\\\/divimark.com\\\/#\\\/schema\\\/logo\\\/image\\\/\"}}]}<\/script>\n<!-- \/ Yoast SEO plugin. -->","yoast_head_json":{"title":"Cristina Campabadal - Divimark Abogados","robots":{"index":"index","follow":"follow","max-snippet":"max-snippet:-1","max-image-preview":"max-image-preview:large","max-video-preview":"max-video-preview:-1"},"canonical":"https:\/\/divimark.com\/es\/nuestra-gente\/cristina-campabadal\/","og_locale":"es_ES","og_type":"article","og_title":"Cristina Campabadal - Divimark Abogados","og_description":"Cristina Campabadal Asociado ccampabadal@divimark.com 2222-8622 \u00c1reas de pr\u00e1ctica Educaci\u00f3n Experiencia Afiliaciones \u00c1reas de pr\u00e1ctica Comenz\u00f3 su carrera profesional en la Direcci\u00f3n General de Protocolo y Ceremonias del Ministerio de Relaciones Exteriores y Culto, desempe\u00f1\u00e1ndose como Jefa del Departamento de Privilegios e Inmunidades. En este cargo, asisti\u00f3 al Director General en diversos asuntos relacionados con el [&hellip;]","og_url":"https:\/\/divimark.com\/es\/nuestra-gente\/cristina-campabadal\/","og_site_name":"Divimark Abogados","article_modified_time":"2025-07-11T17:09:15+00:00","og_image":[{"width":2000,"height":300,"url":"https:\/\/divimark.com\/wp-content\/uploads\/2025\/01\/divimark-our-lawyers.jpg","type":"image\/jpeg"}],"twitter_card":"summary_large_image","twitter_misc":{"Tiempo de lectura":"2 minutos"},"schema":{"@context":"https:\/\/schema.org","@graph":[{"@type":"WebPage","@id":"https:\/\/divimark.com\/es\/nuestra-gente\/cristina-campabadal\/","url":"https:\/\/divimark.com\/es\/nuestra-gente\/cristina-campabadal\/","name":"Cristina Campabadal - Divimark Abogados","isPartOf":{"@id":"https:\/\/divimark.com\/#website"},"primaryImageOfPage":{"@id":"https:\/\/divimark.com\/es\/nuestra-gente\/cristina-campabadal\/#primaryimage"},"image":{"@id":"https:\/\/divimark.com\/es\/nuestra-gente\/cristina-campabadal\/#primaryimage"},"thumbnailUrl":"https:\/\/divimark.com\/wp-content\/uploads\/2025\/01\/divimark-our-lawyers.jpg","datePublished":"2025-02-24T17:08:48+00:00","dateModified":"2025-07-11T17:09:15+00:00","breadcrumb":{"@id":"https:\/\/divimark.com\/es\/nuestra-gente\/cristina-campabadal\/#breadcrumb"},"inLanguage":"es","potentialAction":[{"@type":"ReadAction","target":["https:\/\/divimark.com\/es\/nuestra-gente\/cristina-campabadal\/"]}]},{"@type":"ImageObject","inLanguage":"es","@id":"https:\/\/divimark.com\/es\/nuestra-gente\/cristina-campabadal\/#primaryimage","url":"https:\/\/divimark.com\/wp-content\/uploads\/2025\/01\/divimark-our-lawyers.jpg","contentUrl":"https:\/\/divimark.com\/wp-content\/uploads\/2025\/01\/divimark-our-lawyers.jpg","width":2000,"height":300},{"@type":"BreadcrumbList","@id":"https:\/\/divimark.com\/es\/nuestra-gente\/cristina-campabadal\/#breadcrumb","itemListElement":[{"@type":"ListItem","position":1,"name":"Home","item":"https:\/\/divimark.com\/"},{"@type":"ListItem","position":2,"name":"Nuestro Equipo","item":"https:\/\/divimark.com\/our-people\/"},{"@type":"ListItem","position":3,"name":"Cristina Campabadal"}]},{"@type":"WebSite","@id":"https:\/\/divimark.com\/#website","url":"https:\/\/divimark.com\/","name":"Divimark Abogados","description":"","publisher":{"@id":"https:\/\/divimark.com\/#organization"},"potentialAction":[{"@type":"SearchAction","target":{"@type":"EntryPoint","urlTemplate":"https:\/\/divimark.com\/?s={search_term_string}"},"query-input":{"@type":"PropertyValueSpecification","valueRequired":true,"valueName":"search_term_string"}}],"inLanguage":"es"},{"@type":"Organization","@id":"https:\/\/divimark.com\/#organization","name":"Divimark Abogados","url":"https:\/\/divimark.com\/","logo":{"@type":"ImageObject","inLanguage":"es","@id":"https:\/\/divimark.com\/#\/schema\/logo\/image\/","url":"https:\/\/divimark.com\/wp-content\/uploads\/2025\/03\/DIVIMARK-LOGO.png","contentUrl":"https:\/\/divimark.com\/wp-content\/uploads\/2025\/03\/DIVIMARK-LOGO.png","width":1796,"height":507,"caption":"Divimark Abogados"},"image":{"@id":"https:\/\/divimark.com\/#\/schema\/logo\/image\/"}}]}},"_links":{"self":[{"href":"https:\/\/divimark.com\/es\/wp-json\/wp\/v2\/pages\/2596","targetHints":{"allow":["GET"]}}],"collection":[{"href":"https:\/\/divimark.com\/es\/wp-json\/wp\/v2\/pages"}],"about":[{"href":"https:\/\/divimark.com\/es\/wp-json\/wp\/v2\/types\/page"}],"author":[{"embeddable":true,"href":"https:\/\/divimark.com\/es\/wp-json\/wp\/v2\/users\/1"}],"replies":[{"embeddable":true,"href":"https:\/\/divimark.com\/es\/wp-json\/wp\/v2\/comments?post=2596"}],"version-history":[{"count":6,"href":"https:\/\/divimark.com\/es\/wp-json\/wp\/v2\/pages\/2596\/revisions"}],"predecessor-version":[{"id":2725,"href":"https:\/\/divimark.com\/es\/wp-json\/wp\/v2\/pages\/2596\/revisions\/2725"}],"up":[{"embeddable":true,"href":"https:\/\/divimark.com\/es\/wp-json\/wp\/v2\/pages\/2598"}],"wp:featuredmedia":[{"embeddable":true,"href":"https:\/\/divimark.com\/es\/wp-json\/wp\/v2\/media\/2533"}],"wp:attachment":[{"href":"https:\/\/divimark.com\/es\/wp-json\/wp\/v2\/media?parent=2596"}],"curies":[{"name":"wp","href":"https:\/\/api.w.org\/{rel}","templated":true}]}}